{"id":402517,"date":"2025-08-12T15:40:58","date_gmt":"2025-08-12T15:40:58","guid":{"rendered":"https:\/\/besilvermind.com\/our-sdg-contributions\/"},"modified":"2025-08-28T16:31:56","modified_gmt":"2025-08-28T16:31:56","slug":"our-sdg-contributions","status":"publish","type":"page","link":"https:\/\/besilvermind.com\/pt-pt\/our-sdg-contributions\/","title":{"rendered":"As Nossas Contribui\u00e7\u00f5es para os ODS"},"content":{"rendered":"<p>[et_pb_section fb_built=&#8221;1&#8243; custom_padding_last_edited=&#8221;on|tablet&#8221; admin_label=&#8221;OHeader V17 &#8211; Olena &#8211; BG Image size:2500x1186px&#8221; module_class=&#8221;olena_header_v17 restaurant_v2_homepage&#8221; _builder_version=&#8221;4.27.4&#8243; _module_preset=&#8221;default&#8221; background_enable_image=&#8221;off&#8221; background_video_mp4=&#8221;https:\/\/besilvermind.com\/wp-content\/uploads\/2025\/07\/Design-sem-nome-15-1.mp4&#8243; custom_padding=&#8221;164px||0px||false|false&#8221; custom_padding_tablet=&#8221;80px||0px||false|false&#8221; custom_padding_phone=&#8221;140px||110px||false|false&#8221; custom_css_free_form=&#8221;.restaurant_v2_homepage.olena_header_v17 .et_pb_blurb .et_pb_module_header:before{||\tbackground: #fff !important;||}&#8221; locked=&#8221;off&#8221; collapsed=&#8221;on&#8221; global_colors_info=&#8221;{}&#8221;][et_pb_row custom_padding_last_edited=&#8221;on|tablet&#8221; admin_label=&#8221;OHeader V17 &#8211; Olena &#8211; Row&#8221; _builder_version=&#8221;4.27.4&#8243; _module_preset=&#8221;default&#8221; width=&#8221;90%&#8221; max_width=&#8221;1102px&#8221; custom_padding=&#8221;||40px||false|false&#8221; custom_padding_tablet=&#8221;||0px||false|false&#8221; custom_padding_phone=&#8221;||0px||false|false&#8221; animation_style=&#8221;fade&#8221; animation_duration=&#8221;1900ms&#8221; scroll_vertical_motion=&#8221;0|50|50|100|-1|0|1&#8243; global_colors_info=&#8221;{}&#8221;][et_pb_column type=&#8221;4_4&#8243; _builder_version=&#8221;4.20.0&#8243; _module_preset=&#8221;default&#8221; global_colors_info=&#8221;{}&#8221;][et_pb_cta button_text=&#8221;Click Here&#8221; admin_label=&#8221;OHeader V17 &#8211; Olena &#8211; Call To Action &#8211; Get ready for the time of your life&#8221; _builder_version=&#8221;4.27.4&#8243; _module_preset=&#8221;default&#8221; header_font=&#8221;Inter|500||on|||||&#8221; header_text_align=&#8221;left&#8221; header_text_color=&#8221;#FFFFFF&#8221; header_font_size=&#8221;19px&#8221; header_letter_spacing=&#8221;1px&#8221; header_line_height=&#8221;120%&#8221; body_font=&#8221;Crimson Text||||||||&#8221; body_text_color=&#8221;#FFFFFF&#8221; body_font_size=&#8221;65px&#8221; body_line_height=&#8221;93%&#8221; use_background_color=&#8221;off&#8221; text_orientation=&#8221;left&#8221; header_font_size_tablet=&#8221;19px&#8221; header_font_size_phone=&#8221;20px&#8221; header_font_size_last_edited=&#8221;on|phone&#8221; body_font_size_tablet=&#8221;60px&#8221; body_font_size_phone=&#8221;48px&#8221; body_font_size_last_edited=&#8221;on|phone&#8221; custom_css_promo_title=&#8221; padding-bottom: 15px;&#8221; global_colors_info=&#8221;{}&#8221;]<\/p>\n<p class=\"p1\">As Nossas Contribui\u00e7\u00f5es para os ODS<\/p>\n<p>[\/et_pb_cta][\/et_pb_column][\/et_pb_row][\/et_pb_section][et_pb_section fb_built=&#8221;1&#8243; make_equal=&#8221;on&#8221; use_custom_gutter=&#8221;on&#8221; gutter_width=&#8221;2&#8243; specialty=&#8221;on&#8221; custom_padding_last_edited=&#8221;on|phone&#8221; module_id=&#8221;whatis&#8221; _builder_version=&#8221;4.27.4&#8243; _module_preset=&#8221;default&#8221; width=&#8221;100%&#8221; max_width=&#8221;1364px&#8221; module_alignment=&#8221;center&#8221; inner_max_width=&#8221;80%&#8221; custom_padding=&#8221;94px||19px|||&#8221; custom_padding_tablet=&#8221;123px|||||&#8221; custom_padding_phone=&#8221;70px||||false|false&#8221; animation_style=&#8221;zoom&#8221; global_colors_info=&#8221;{}&#8221;][et_pb_column type=&#8221;1_2&#8243; _builder_version=&#8221;4.16&#8243; custom_padding=&#8221;|||&#8221; global_colors_info=&#8221;{}&#8221; custom_padding__hover=&#8221;|||&#8221;][et_pb_text _builder_version=&#8221;4.27.4&#8243; _module_preset=&#8221;default&#8221; text_font=&#8221;Crimson Text||||||||solid&#8221; text_font_size=&#8221;58px&#8221; text_line_height=&#8221;1.1em&#8221; custom_margin=&#8221;-44px|||||&#8221; text_font_size_tablet=&#8221;58px&#8221; text_font_size_phone=&#8221;35px&#8221; text_font_size_last_edited=&#8221;on|phone&#8221; locked=&#8221;off&#8221; global_colors_info=&#8221;{}&#8221;]<\/p>\n<p><span style=\"font-weight: 400;\">Temos orgulho em alinhar a nossa miss\u00e3o e objetivos com os seguintes ODS:<\/span><\/p>\n<p>[\/et_pb_text][\/et_pb_column][et_pb_column type=&#8221;1_2&#8243; specialty_columns=&#8221;2&#8243; _builder_version=&#8221;4.16&#8243; custom_padding=&#8221;|||&#8221; global_colors_info=&#8221;{}&#8221; custom_padding__hover=&#8221;|||&#8221;][et_pb_row_inner column_structure=&#8221;undefined&#8221; _builder_version=&#8221;4.27.4&#8243; _module_preset=&#8221;default&#8221; custom_padding=&#8221;5px|||||&#8221; global_colors_info=&#8221;{}&#8221;][et_pb_column_inner type=&#8221;undefined&#8221; saved_specialty_column_type=&#8221;1_2&#8243; _builder_version=&#8221;4.27.4&#8243; _module_preset=&#8221;default&#8221; global_colors_info=&#8221;{}&#8221;][et_pb_blurb title=&#8221;Capacitar seniores com conhecimentos e compet\u00eancias que contribuam para a independ\u00eancia econ\u00f3mica ou contribui\u00e7\u00e3o social&#8221; image=&#8221;https:\/\/besilvermind.com\/wp-content\/uploads\/2025\/08\/Captura-de-ecra-2025-08-12-as-16.46.52.png&#8221; icon_placement=&#8221;left&#8221; image_icon_width=&#8221;80px&#8221; module_class=&#8221;icono&#8221; _builder_version=&#8221;4.27.4&#8243; _module_preset=&#8221;default&#8221; header_line_height=&#8221;30px&#8221; custom_padding=&#8221;||||false|false&#8221; global_colors_info=&#8221;{}&#8221; image__hover_enabled=&#8221;off|desktop&#8221;][\/et_pb_blurb][et_pb_blurb title=&#8221;Promover o envelhecimento saud\u00e1vel e o bem-estar mental&#8221; image=&#8221;https:\/\/besilvermind.com\/wp-content\/uploads\/2025\/08\/Captura-de-ecra-2025-08-12-as-16.41.55.png&#8221; icon_placement=&#8221;left&#8221; image_icon_width=&#8221;80px&#8221; module_class=&#8221;icono&#8221; _builder_version=&#8221;4.27.4&#8243; _module_preset=&#8221;default&#8221; global_colors_info=&#8221;{}&#8221;][\/et_pb_blurb][et_pb_blurb title=&#8221;Facilitar a aprendizagem ao longo da vida e o desenvolvimento pessoal&#8221; image=&#8221;https:\/\/besilvermind.com\/wp-content\/uploads\/2025\/08\/Captura-de-ecra-2025-08-12-as-16.43.52.png&#8221; icon_placement=&#8221;left&#8221; image_icon_width=&#8221;80px&#8221; module_class=&#8221;icono&#8221; _builder_version=&#8221;4.27.4&#8243; _module_preset=&#8221;default&#8221; header_line_height=&#8221;30px&#8221; custom_padding=&#8221;||||false|false&#8221; global_colors_info=&#8221;{}&#8221;][\/et_pb_blurb][et_pb_blurb title=&#8221;Apoiar o acesso equitativo a oportunidades para mulheres e homens mais velhos. Responder \u00e0s necessidades e promover a autonomia para todos os g\u00e9neros numa fase mais tardia de vida.&#8221; image=&#8221;https:\/\/besilvermind.com\/wp-content\/uploads\/2025\/08\/Captura-de-ecra-2025-08-12-as-16.46.59.png&#8221; icon_placement=&#8221;left&#8221; image_icon_width=&#8221;80px&#8221; module_class=&#8221;icono&#8221; _builder_version=&#8221;4.27.4&#8243; _module_preset=&#8221;default&#8221; header_line_height=&#8221;30px&#8221; custom_padding=&#8221;0px||||false|false&#8221; hover_enabled=&#8221;0&#8243; global_colors_info=&#8221;{}&#8221; image__hover_enabled=&#8221;off|desktop&#8221; sticky_enabled=&#8221;0&#8243;][\/et_pb_blurb][et_pb_blurb title=&#8221;Apoiar o envolvimento ativo, voluntariado e novos projetos&#8221; image=&#8221;https:\/\/besilvermind.com\/wp-content\/uploads\/2025\/08\/Captura-de-ecra-2025-08-12-as-16.44.09.png&#8221; icon_placement=&#8221;left&#8221; image_icon_width=&#8221;80px&#8221; module_class=&#8221;icono&#8221; _builder_version=&#8221;4.27.4&#8243; _module_preset=&#8221;default&#8221; header_line_height=&#8221;30px&#8221; custom_padding=&#8221;||||false|false&#8221; global_colors_info=&#8221;{}&#8221;][\/et_pb_blurb][et_pb_blurb title=&#8221;Promover a inclus\u00e3o social e reduzir o idadismo&#8221; image=&#8221;https:\/\/besilvermind.com\/wp-content\/uploads\/2025\/08\/Captura-de-ecra-2025-08-12-as-16.44.42.png&#8221; icon_placement=&#8221;left&#8221; image_icon_width=&#8221;80px&#8221; module_class=&#8221;icono&#8221; _builder_version=&#8221;4.27.4&#8243; _module_preset=&#8221;default&#8221; header_line_height=&#8221;30px&#8221; custom_padding=&#8221;||||false|false&#8221; global_colors_info=&#8221;{}&#8221; image__hover_enabled=&#8221;off|desktop&#8221;][\/et_pb_blurb][et_pb_blurb title=&#8221;Criar comunidades vibrantes e inclusivas para adultos mais velhos&#8221; image=&#8221;https:\/\/besilvermind.com\/wp-content\/uploads\/2025\/08\/Captura-de-ecra-2025-08-12-as-16.45.22.png&#8221; icon_placement=&#8221;left&#8221; image_icon_width=&#8221;80px&#8221; module_class=&#8221;icono&#8221; _builder_version=&#8221;4.27.4&#8243; _module_preset=&#8221;default&#8221; header_line_height=&#8221;30px&#8221; custom_padding=&#8221;||||false|false&#8221; global_colors_info=&#8221;{}&#8221; image__hover_enabled=&#8221;off|desktop&#8221;][\/et_pb_blurb][et_pb_blurb title=&#8221;Promover atividades que incentivem estilos de vida sustent\u00e1veis&#8221; image=&#8221;https:\/\/besilvermind.com\/wp-content\/uploads\/2025\/08\/Captura-de-ecra-2025-08-12-as-16.47.08.png&#8221; icon_placement=&#8221;left&#8221; image_icon_width=&#8221;80px&#8221; module_class=&#8221;icono&#8221; _builder_version=&#8221;4.27.4&#8243; _module_preset=&#8221;default&#8221; header_line_height=&#8221;30px&#8221; custom_padding=&#8221;||||false|false&#8221; global_colors_info=&#8221;{}&#8221; image__hover_enabled=&#8221;off|desktop&#8221;][\/et_pb_blurb][et_pb_blurb title=&#8221;Estimular a participa\u00e7\u00e3o na comunidade e o envolvimento c\u00edvico&#8221; image=&#8221;https:\/\/besilvermind.com\/wp-content\/uploads\/2025\/08\/Captura-de-ecra-2025-08-12-as-16.46.04.png&#8221; icon_placement=&#8221;left&#8221; image_icon_width=&#8221;80px&#8221; module_class=&#8221;icono&#8221; _builder_version=&#8221;4.27.4&#8243; _module_preset=&#8221;default&#8221; header_line_height=&#8221;30px&#8221; custom_padding=&#8221;||||false|false&#8221; global_colors_info=&#8221;{}&#8221; image__hover_enabled=&#8221;off|desktop&#8221;][\/et_pb_blurb][et_pb_blurb title=&#8221;Construir parcerias com comunidades, e setores da sa\u00fade e social&#8221; image=&#8221;https:\/\/besilvermind.com\/wp-content\/uploads\/2025\/08\/Captura-de-ecra-2025-08-12-as-16.46.10.png&#8221; icon_placement=&#8221;left&#8221; image_icon_width=&#8221;80px&#8221; module_class=&#8221;icono&#8221; _builder_version=&#8221;4.27.4&#8243; _module_preset=&#8221;default&#8221; header_line_height=&#8221;30px&#8221; custom_padding=&#8221;||||false|false&#8221; global_colors_info=&#8221;{}&#8221; image__hover_enabled=&#8221;off|desktop&#8221;][\/et_pb_blurb][\/et_pb_column_inner][\/et_pb_row_inner][\/et_pb_column][\/et_pb_section][et_pb_section fb_built=&#8221;1&#8243; _builder_version=&#8221;4.27.4&#8243; _module_preset=&#8221;default&#8221; background_color=&#8221;#8795a5&#8243; custom_padding=&#8221;||13px|||&#8221; global_module=&#8221;402709&#8243; saved_tabs=&#8221;all&#8221; locked=&#8221;off&#8221; global_colors_info=&#8221;{}&#8221;][et_pb_row column_structure=&#8221;1_4,1_4,1_4,1_4&#8243; _builder_version=&#8221;4.27.4&#8243; _module_preset=&#8221;default&#8221; width=&#8221;100%&#8221; max_width=&#8221;1131px&#8221; custom_margin=&#8221;-55px||||false|false&#8221; custom_padding=&#8221;53px|||||&#8221; locked=&#8221;off&#8221; global_colors_info=&#8221;{}&#8221;][et_pb_column type=&#8221;1_4&#8243; _builder_version=&#8221;4.27.4&#8243; _module_preset=&#8221;default&#8221; global_colors_info=&#8221;{}&#8221;][et_pb_image src=&#8221;https:\/\/besilvermind.com\/wp-content\/uploads\/2025\/07\/REIMAGINE-AND-REINVENT-1.png&#8221; title_text=&#8221;REIMAGINE AND REINVENT (1)&#8221; url=&#8221;https:\/\/besilvermind.com\/&#8221; align_tablet=&#8221;&#8221; align_phone=&#8221;center&#8221; align_last_edited=&#8221;on|phone&#8221; _builder_version=&#8221;4.27.4&#8243; _module_preset=&#8221;default&#8221; max_width=&#8221;200px&#8221; locked=&#8221;off&#8221; global_colors_info=&#8221;{}&#8221;][\/et_pb_image][et_pb_text _builder_version=&#8221;4.27.4&#8243; _module_preset=&#8221;default&#8221; header_text_color=&#8221;RGBA(255,255,255,0)&#8221; header_font_size=&#8221;1px&#8221; global_colors_info=&#8221;{}&#8221;]<\/p>\n<h1>Reimagine and reinvent<\/h1>\n<p>[\/et_pb_text][\/et_pb_column][et_pb_column type=&#8221;1_4&#8243; _builder_version=&#8221;4.27.4&#8243; _module_preset=&#8221;default&#8221; global_colors_info=&#8221;{}&#8221;][et_pb_text _builder_version=&#8221;4.27.4&#8243; _module_preset=&#8221;default&#8221; text_font=&#8221;Inter||||||||&#8221; text_text_color=&#8221;#FFFFFF&#8221; text_orientation_tablet=&#8221;&#8221; text_orientation_phone=&#8221;center&#8221; text_orientation_last_edited=&#8221;on|phone&#8221; global_colors_info=&#8221;{}&#8221;]<\/p>\n<p><span style=\"font-weight: 400;\"><a href=\"https:\/\/besilvermind.com\/pt-pt\/about-us-2\/\">O que \u00e9 a Silver Minds<\/a><br \/><\/span><span style=\"font-weight: 400;\"><a href=\"https:\/\/besilvermind.com\/pt-pt\/be-a-silver-mind\/\">O que fazemos<\/a><br \/><\/span><span style=\"font-weight: 400;\"><a href=\"https:\/\/besilvermind.com\/pt-pt\/who-we-are\/\">Quem somos<\/a><br \/><\/span><span style=\"font-weight: 400;\"><a href=\"https:\/\/besilvermind.com\/pt-pt\/#whatwedo\">Testemunhos<\/a><br \/><a href=\"https:\/\/besilvermind.com\/pt-pt\/#faqs\">Perguntas Frequentes<\/a><br \/><\/span><a href=\"https:\/\/besilvermind.com\/pt-pt\/contacts\/\"><span style=\"font-weight: 400;\">Contacte-nos<\/span><\/a><\/p>\n<p>[\/et_pb_text][\/et_pb_column][et_pb_column type=&#8221;1_4&#8243; _builder_version=&#8221;4.27.4&#8243; _module_preset=&#8221;default&#8221; global_colors_info=&#8221;{}&#8221;][et_pb_text _builder_version=&#8221;4.27.4&#8243; _module_preset=&#8221;default&#8221; text_font=&#8221;Inter||||||||&#8221; text_text_color=&#8221;#FFFFFF&#8221; text_orientation_tablet=&#8221;&#8221; text_orientation_phone=&#8221;center&#8221; text_orientation_last_edited=&#8221;on|phone&#8221; global_colors_info=&#8221;{}&#8221;]<\/p>\n<p>Linkedin<\/p>\n<p>[\/et_pb_text][\/et_pb_column][et_pb_column type=&#8221;1_4&#8243; _builder_version=&#8221;4.27.4&#8243; _module_preset=&#8221;default&#8221; global_colors_info=&#8221;{}&#8221;][et_pb_text _builder_version=&#8221;4.27.4&#8243; _module_preset=&#8221;default&#8221; text_text_color=&#8221;#FFFFFF&#8221; custom_margin=&#8221;||-4px|||&#8221; link_option_url=&#8221;https:\/\/besilvermind.com\/pt-pt\/privacy-statement-eu\/&#8221; global_colors_info=&#8221;{}&#8221;]<\/p>\n<p>Pol\u00edtica de Privacidade<\/p>\n<p>[\/et_pb_text][et_pb_text _builder_version=&#8221;4.27.4&#8243; _module_preset=&#8221;default&#8221; text_text_color=&#8221;#FFFFFF&#8221; custom_margin=&#8221;||-3px|||&#8221; link_option_url=&#8221;https:\/\/besilvermind.com\/pt-pt\/cookie-policy-eu\/&#8221; global_colors_info=&#8221;{}&#8221;]<\/p>\n<p>Pol\u00edtica de Cookies<\/p>\n<p>[\/et_pb_text][et_pb_text _builder_version=&#8221;4.27.4&#8243; _module_preset=&#8221;default&#8221; text_text_color=&#8221;#FFFFFF&#8221; custom_margin=&#8221;||-4px|||&#8221; link_option_url=&#8221;https:\/\/besilvermind.com\/centro-de-arbitragem\/&#8221; global_colors_info=&#8221;{}&#8221;]<\/p>\n<p>Centro de Arbitragem<\/p>\n<p>[\/et_pb_text][et_pb_text _builder_version=&#8221;4.27.4&#8243; _module_preset=&#8221;default&#8221; text_text_color=&#8221;#FFFFFF&#8221; custom_margin=&#8221;||-4px|||&#8221; link_option_url=&#8221;https:\/\/besilvermind.com\/pt-pt\/our-values\/&#8221; global_colors_info=&#8221;{}&#8221;]<\/p>\n<p>Os Nossos Valores<\/p>\n<p>[\/et_pb_text][et_pb_text _builder_version=&#8221;4.27.4&#8243; _module_preset=&#8221;default&#8221; text_text_color=&#8221;#FFFFFF&#8221; text_line_height=&#8221;1.2em&#8221; link_option_url=&#8221;https:\/\/besilvermind.com\/pt-pt\/our-sdg-contributions\/&#8221; global_colors_info=&#8221;{}&#8221;]<\/p>\n<p>As Nossas Contribui\u00e7\u00f5es<br \/>para os ODS<\/p>\n<p>[\/et_pb_text][et_pb_image src=&#8221;https:\/\/besilvermind.com\/wp-content\/uploads\/2025\/08\/6226178987047n.png&#8221; title_text=&#8221;6226178987047n&#8221; url=&#8221;http:\/\/livroreclamacoes.pt\/inicio&#8221; url_new_window=&#8221;on&#8221; _builder_version=&#8221;4.27.4&#8243; _module_preset=&#8221;default&#8221; max_width=&#8221;100px&#8221; global_colors_info=&#8221;{}&#8221;][\/et_pb_image][\/et_pb_column][\/et_pb_row][et_pb_row _builder_version=&#8221;4.27.4&#8243; _module_preset=&#8221;default&#8221; max_width=&#8221;1129px&#8221; border_width_top=&#8221;2px&#8221; border_color_top=&#8221;#FFFFFF&#8221; locked=&#8221;off&#8221; global_colors_info=&#8221;{}&#8221;][et_pb_column type=&#8221;4_4&#8243; _builder_version=&#8221;4.27.4&#8243; _module_preset=&#8221;default&#8221; global_colors_info=&#8221;{}&#8221;][et_pb_text _builder_version=&#8221;4.27.4&#8243; _module_preset=&#8221;default&#8221; text_font=&#8221;Inter||||||||&#8221; text_text_color=&#8221;#FFFFFF&#8221; link_text_color=&#8221;#FFFFFF&#8221; text_orientation=&#8221;center&#8221; link_option_url=&#8221;mailto:contact@besilvermind.com &#8221; global_colors_info=&#8221;{}&#8221;]Silver Minds \u00ae 2025 | Todos os direitos reservados | <\/span><span style=\"font-weight: 400;\"><a href=\"mailto:contact@besilvermind.com\">contact@besilvermind.com<\/a><a href=\"mailto:contact@besilvermind.com\"> | <\/a><\/span>Arte por Rebeca Ravara[\/et_pb_text][\/et_pb_column][\/et_pb_row][\/et_pb_section]<\/p>\n","protected":false},"excerpt":{"rendered":"<p>As Nossas Contribui\u00e7\u00f5es para os ODSTemos orgulho em alinhar a nossa miss\u00e3o e objetivos com os seguintes ODS:Reimagine and reinventO que \u00e9 a Silver MindsO que fazemosQuem somosTestemunhosPerguntas FrequentesContacte-nosLinkedinPol\u00edtica de PrivacidadePol\u00edtica de CookiesCentro de ArbitragemOs Nossos ValoresAs Nossas Contribui\u00e7\u00f5espara os ODSSilver Minds \u00ae 2025 | Todos os direitos reservados | contact@besilvermind.com | Arte por Rebeca [&hellip;]<\/p>\n","protected":false},"author":1,"featured_media":0,"parent":0,"menu_order":0,"comment_status":"closed","ping_status":"closed","template":"","meta":{"_et_pb_use_builder":"on","_et_pb_old_content":"","_et_gb_content_width":"","footnotes":""},"class_list":["post-402517","page","type-page","status-publish","hentry"],"yoast_head":"<!-- This site is optimized with the Yoast SEO plugin v25.8 - https:\/\/yoast.com\/wordpress\/plugins\/seo\/ -->\n<title>As Nossas Contribui\u00e7\u00f5es para os ODS - Silver Minds<\/title>\n<meta name=\"robots\" content=\"index, follow, max-snippet:-1, max-image-preview:large, max-video-preview:-1\" \/>\n<link rel=\"canonical\" href=\"https:\/\/besilvermind.com\/our-sdg-contributions\/\" \/>\n<meta property=\"og:locale\" content=\"pt_PT\" \/>\n<meta property=\"og:type\" content=\"article\" \/>\n<meta property=\"og:title\" content=\"As Nossas Contribui\u00e7\u00f5es para os ODS - Silver Minds\" \/>\n<meta property=\"og:description\" content=\"As Nossas Contribui\u00e7\u00f5es para os ODSTemos orgulho em alinhar a nossa miss\u00e3o e objetivos com os seguintes ODS:Reimagine and reinventO que \u00e9 a Silver MindsO que fazemosQuem somosTestemunhosPerguntas FrequentesContacte-nosLinkedinPol\u00edtica de PrivacidadePol\u00edtica de CookiesCentro de ArbitragemOs Nossos ValoresAs Nossas Contribui\u00e7\u00f5espara os ODSSilver Minds \u00ae 2025 | Todos os direitos reservados | contact@besilvermind.com | Arte por Rebeca [&hellip;]\" \/>\n<meta property=\"og:url\" content=\"https:\/\/besilvermind.com\/our-sdg-contributions\/\" \/>\n<meta property=\"og:site_name\" content=\"Silver Minds\" \/>\n<meta property=\"article:modified_time\" content=\"2025-08-28T16:31:56+00:00\" \/>\n<meta name=\"twitter:card\" content=\"summary_large_image\" \/>\n<meta name=\"twitter:label1\" content=\"Tempo estimado de leitura\" \/>\n\t<meta name=\"twitter:data1\" content=\"8 minutos\" \/>\n<script type=\"application\/ld+json\" class=\"yoast-schema-graph\">{\"@context\":\"https:\/\/schema.org\",\"@graph\":[{\"@type\":\"WebPage\",\"@id\":\"https:\/\/besilvermind.com\/our-sdg-contributions\/\",\"url\":\"https:\/\/besilvermind.com\/our-sdg-contributions\/\",\"name\":\"As Nossas Contribui\u00e7\u00f5es para os ODS - Silver Minds\",\"isPartOf\":{\"@id\":\"https:\/\/besilvermind.com\/#website\"},\"datePublished\":\"2025-08-12T15:40:58+00:00\",\"dateModified\":\"2025-08-28T16:31:56+00:00\",\"breadcrumb\":{\"@id\":\"https:\/\/besilvermind.com\/our-sdg-contributions\/#breadcrumb\"},\"inLanguage\":\"pt-PT\",\"potentialAction\":[{\"@type\":\"ReadAction\",\"target\":[\"https:\/\/besilvermind.com\/our-sdg-contributions\/\"]}]},{\"@type\":\"BreadcrumbList\",\"@id\":\"https:\/\/besilvermind.com\/our-sdg-contributions\/#breadcrumb\",\"itemListElement\":[{\"@type\":\"ListItem\",\"position\":1,\"name\":\"Home\",\"item\":\"https:\/\/besilvermind.com\/\"},{\"@type\":\"ListItem\",\"position\":2,\"name\":\"As Nossas Contribui\u00e7\u00f5es para os ODS\"}]},{\"@type\":\"WebSite\",\"@id\":\"https:\/\/besilvermind.com\/#website\",\"url\":\"https:\/\/besilvermind.com\/\",\"name\":\"Silver Minds\",\"description\":\"Reimagine and Renew\",\"potentialAction\":[{\"@type\":\"SearchAction\",\"target\":{\"@type\":\"EntryPoint\",\"urlTemplate\":\"https:\/\/besilvermind.com\/?s={search_term_string}\"},\"query-input\":{\"@type\":\"PropertyValueSpecification\",\"valueRequired\":true,\"valueName\":\"search_term_string\"}}],\"inLanguage\":\"pt-PT\"}]}<\/script>\n<!-- \/ Yoast SEO plugin. -->","yoast_head_json":{"title":"As Nossas Contribui\u00e7\u00f5es para os ODS - Silver Minds","robots":{"index":"index","follow":"follow","max-snippet":"max-snippet:-1","max-image-preview":"max-image-preview:large","max-video-preview":"max-video-preview:-1"},"canonical":"https:\/\/besilvermind.com\/our-sdg-contributions\/","og_locale":"pt_PT","og_type":"article","og_title":"As Nossas Contribui\u00e7\u00f5es para os ODS - Silver Minds","og_description":"As Nossas Contribui\u00e7\u00f5es para os ODSTemos orgulho em alinhar a nossa miss\u00e3o e objetivos com os seguintes ODS:Reimagine and reinventO que \u00e9 a Silver MindsO que fazemosQuem somosTestemunhosPerguntas FrequentesContacte-nosLinkedinPol\u00edtica de PrivacidadePol\u00edtica de CookiesCentro de ArbitragemOs Nossos ValoresAs Nossas Contribui\u00e7\u00f5espara os ODSSilver Minds \u00ae 2025 | Todos os direitos reservados | contact@besilvermind.com | Arte por Rebeca [&hellip;]","og_url":"https:\/\/besilvermind.com\/our-sdg-contributions\/","og_site_name":"Silver Minds","article_modified_time":"2025-08-28T16:31:56+00:00","twitter_card":"summary_large_image","twitter_misc":{"Tempo estimado de leitura":"8 minutos"},"schema":{"@context":"https:\/\/schema.org","@graph":[{"@type":"WebPage","@id":"https:\/\/besilvermind.com\/our-sdg-contributions\/","url":"https:\/\/besilvermind.com\/our-sdg-contributions\/","name":"As Nossas Contribui\u00e7\u00f5es para os ODS - Silver Minds","isPartOf":{"@id":"https:\/\/besilvermind.com\/#website"},"datePublished":"2025-08-12T15:40:58+00:00","dateModified":"2025-08-28T16:31:56+00:00","breadcrumb":{"@id":"https:\/\/besilvermind.com\/our-sdg-contributions\/#breadcrumb"},"inLanguage":"pt-PT","potentialAction":[{"@type":"ReadAction","target":["https:\/\/besilvermind.com\/our-sdg-contributions\/"]}]},{"@type":"BreadcrumbList","@id":"https:\/\/besilvermind.com\/our-sdg-contributions\/#breadcrumb","itemListElement":[{"@type":"ListItem","position":1,"name":"Home","item":"https:\/\/besilvermind.com\/"},{"@type":"ListItem","position":2,"name":"As Nossas Contribui\u00e7\u00f5es para os ODS"}]},{"@type":"WebSite","@id":"https:\/\/besilvermind.com\/#website","url":"https:\/\/besilvermind.com\/","name":"Silver Minds","description":"Reimagine and Renew","potentialAction":[{"@type":"SearchAction","target":{"@type":"EntryPoint","urlTemplate":"https:\/\/besilvermind.com\/?s={search_term_string}"},"query-input":{"@type":"PropertyValueSpecification","valueRequired":true,"valueName":"search_term_string"}}],"inLanguage":"pt-PT"}]}},"_links":{"self":[{"href":"https:\/\/besilvermind.com\/pt-pt\/wp-json\/wp\/v2\/pages\/402517","targetHints":{"allow":["GET"]}}],"collection":[{"href":"https:\/\/besilvermind.com\/pt-pt\/wp-json\/wp\/v2\/pages"}],"about":[{"href":"https:\/\/besilvermind.com\/pt-pt\/wp-json\/wp\/v2\/types\/page"}],"author":[{"embeddable":true,"href":"https:\/\/besilvermind.com\/pt-pt\/wp-json\/wp\/v2\/users\/1"}],"replies":[{"embeddable":true,"href":"https:\/\/besilvermind.com\/pt-pt\/wp-json\/wp\/v2\/comments?post=402517"}],"version-history":[{"count":11,"href":"https:\/\/besilvermind.com\/pt-pt\/wp-json\/wp\/v2\/pages\/402517\/revisions"}],"predecessor-version":[{"id":402811,"href":"https:\/\/besilvermind.com\/pt-pt\/wp-json\/wp\/v2\/pages\/402517\/revisions\/402811"}],"wp:attachment":[{"href":"https:\/\/besilvermind.com\/pt-pt\/wp-json\/wp\/v2\/media?parent=402517"}],"curies":[{"name":"wp","href":"https:\/\/api.w.org\/{rel}","templated":true}]}}