{"id":402690,"date":"2025-08-22T11:10:18","date_gmt":"2025-08-22T11:10:18","guid":{"rendered":"https:\/\/besilvermind.com\/centro-de-arbitragem\/"},"modified":"2025-08-25T16:15:25","modified_gmt":"2025-08-25T16:15:25","slug":"centro-de-arbitragem","status":"publish","type":"page","link":"https:\/\/besilvermind.com\/pt-pt\/centro-de-arbitragem\/","title":{"rendered":"Centro de Arbitragem"},"content":{"rendered":"<p>[et_pb_section fb_built=&#8221;1&#8243; admin_label=&#8221;section&#8221; _builder_version=&#8221;4.16&#8243; global_colors_info=&#8221;{}&#8221;][et_pb_row admin_label=&#8221;row&#8221; _builder_version=&#8221;4.16&#8243; background_size=&#8221;initial&#8221; background_position=&#8221;top_left&#8221; background_repeat=&#8221;repeat&#8221; global_colors_info=&#8221;{}&#8221;][et_pb_column type=&#8221;4_4&#8243; _builder_version=&#8221;4.16&#8243; custom_padding=&#8221;|||&#8221; global_colors_info=&#8221;{}&#8221; custom_padding__hover=&#8221;|||&#8221;][et_pb_text admin_label=&#8221;Text&#8221; _builder_version=&#8221;4.27.4&#8243; header_font=&#8221;Crimson Pro||||||||&#8221; header_font_size=&#8221;50px&#8221; background_size=&#8221;initial&#8221; background_position=&#8221;top_left&#8221; background_repeat=&#8221;repeat&#8221; hover_enabled=&#8221;0&#8243; global_colors_info=&#8221;{}&#8221; sticky_enabled=&#8221;0&#8243;]<\/p>\n<h1>Centro de Arbitragem<\/h1>\n<p>[\/et_pb_text][et_pb_text admin_label=&#8221;Text&#8221; _builder_version=&#8221;4.27.4&#8243; background_size=&#8221;initial&#8221; background_position=&#8221;top_left&#8221; background_repeat=&#8221;repeat&#8221; hover_enabled=&#8221;0&#8243; global_colors_info=&#8221;{}&#8221; sticky_enabled=&#8221;0&#8243;]<span style=\"color: #000000;\">Em caso de lit\u00edgio de consumo, o consumidor pode recorrer \u00e0 plataforma de resolu\u00e7\u00e3o alternativa de lit\u00edgios, a entidade de Resolu\u00e7\u00e3o Alternativa de Lit\u00edgios de Consumo (RAL) competente, estando a lista de Centros de Arbitragem autorizados dispon\u00edvel em <a href=\"https:\/\/dgpj.justica.gov.pt\/resolucao-de-litigios\/arbitragem\/centros-de-arbitragem-autorizados\" style=\"color: #000000;\"><span class=\"s8\">https:\/\/dgpj.justica.gov.pt\/resolucao-de-litigios\/arbitragem\/centros-de-arbitragem-autorizados<\/span><\/a><\/span>[\/et_pb_text][\/et_pb_column][\/et_pb_row][\/et_pb_section]<\/p>\n","protected":false},"excerpt":{"rendered":"<p>Centro de ArbitragemEm caso de lit\u00edgio de consumo, o consumidor pode recorrer \u00e0 plataforma de resolu\u00e7\u00e3o alternativa de lit\u00edgios, a entidade de Resolu\u00e7\u00e3o Alternativa de Lit\u00edgios de Consumo (RAL) competente, estando a lista de Centros de Arbitragem autorizados dispon\u00edvel em https:\/\/dgpj.justica.gov.pt\/resolucao-de-litigios\/arbitragem\/centros-de-arbitragem-autorizados<\/p>\n","protected":false},"author":1,"featured_media":0,"parent":0,"menu_order":0,"comment_status":"closed","ping_status":"closed","template":"","meta":{"_et_pb_use_builder":"on","_et_pb_old_content":"Em caso de lit\u00edgio de consumo, o consumidor pode recorrer \u00e0 plataforma \u00a0para a resolu\u00e7\u00e3o alternativa de lit\u00edgios, a entidade competente de Resolu\u00e7\u00e3o Alternativa de Lit\u00edgios de Consumo (RAL) , estando dispon\u00edvel a lista dos Centros de Arbitragem autorizados em <a href=\"https:\/\/dgpj.justica.gov.pt\/resolucao-de-litigios\/arbitragem\/centros-de-arbitragem-autorizados\"><span class=\"s8\">https:\/\/dgpj.justica.gov.pt\/resolucao-de-litigios\/arbitragem\/centros-de-arbitragem-autorizados<\/span><\/a>","_et_gb_content_width":"","footnotes":""},"class_list":["post-402690","page","type-page","status-publish","hentry"],"yoast_head":"<!-- This site is optimized with the Yoast SEO plugin v25.8 - https:\/\/yoast.com\/wordpress\/plugins\/seo\/ -->\n<title>Centro de Arbitragem - Silver Minds<\/title>\n<meta name=\"robots\" content=\"index, follow, max-snippet:-1, max-image-preview:large, max-video-preview:-1\" \/>\n<link rel=\"canonical\" href=\"https:\/\/besilvermind.com\/centro-de-arbitragem\/\" \/>\n<meta property=\"og:locale\" content=\"pt_PT\" \/>\n<meta property=\"og:type\" content=\"article\" \/>\n<meta property=\"og:title\" content=\"Centro de Arbitragem - Silver Minds\" \/>\n<meta property=\"og:description\" content=\"Centro de ArbitragemEm caso de lit\u00edgio de consumo, o consumidor pode recorrer \u00e0 plataforma de resolu\u00e7\u00e3o alternativa de lit\u00edgios, a entidade de Resolu\u00e7\u00e3o Alternativa de Lit\u00edgios de Consumo (RAL) competente, estando a lista de Centros de Arbitragem autorizados dispon\u00edvel em https:\/\/dgpj.justica.gov.pt\/resolucao-de-litigios\/arbitragem\/centros-de-arbitragem-autorizados\" \/>\n<meta property=\"og:url\" content=\"https:\/\/besilvermind.com\/centro-de-arbitragem\/\" \/>\n<meta property=\"og:site_name\" content=\"Silver Minds\" \/>\n<meta property=\"article:modified_time\" content=\"2025-08-25T16:15:25+00:00\" \/>\n<meta name=\"twitter:card\" content=\"summary_large_image\" \/>\n<meta name=\"twitter:label1\" content=\"Tempo estimado de leitura\" \/>\n\t<meta name=\"twitter:data1\" content=\"1 minuto\" \/>\n<script type=\"application\/ld+json\" class=\"yoast-schema-graph\">{\"@context\":\"https:\/\/schema.org\",\"@graph\":[{\"@type\":\"WebPage\",\"@id\":\"https:\/\/besilvermind.com\/centro-de-arbitragem\/\",\"url\":\"https:\/\/besilvermind.com\/centro-de-arbitragem\/\",\"name\":\"Centro de Arbitragem - Silver Minds\",\"isPartOf\":{\"@id\":\"https:\/\/besilvermind.com\/#website\"},\"datePublished\":\"2025-08-22T11:10:18+00:00\",\"dateModified\":\"2025-08-25T16:15:25+00:00\",\"breadcrumb\":{\"@id\":\"https:\/\/besilvermind.com\/centro-de-arbitragem\/#breadcrumb\"},\"inLanguage\":\"pt-PT\",\"potentialAction\":[{\"@type\":\"ReadAction\",\"target\":[\"https:\/\/besilvermind.com\/centro-de-arbitragem\/\"]}]},{\"@type\":\"BreadcrumbList\",\"@id\":\"https:\/\/besilvermind.com\/centro-de-arbitragem\/#breadcrumb\",\"itemListElement\":[{\"@type\":\"ListItem\",\"position\":1,\"name\":\"Home\",\"item\":\"https:\/\/besilvermind.com\/\"},{\"@type\":\"ListItem\",\"position\":2,\"name\":\"Centro de Arbitragem\"}]},{\"@type\":\"WebSite\",\"@id\":\"https:\/\/besilvermind.com\/#website\",\"url\":\"https:\/\/besilvermind.com\/\",\"name\":\"Silver Minds\",\"description\":\"Reimagine and Renew\",\"potentialAction\":[{\"@type\":\"SearchAction\",\"target\":{\"@type\":\"EntryPoint\",\"urlTemplate\":\"https:\/\/besilvermind.com\/?s={search_term_string}\"},\"query-input\":{\"@type\":\"PropertyValueSpecification\",\"valueRequired\":true,\"valueName\":\"search_term_string\"}}],\"inLanguage\":\"pt-PT\"}]}<\/script>\n<!-- \/ Yoast SEO plugin. -->","yoast_head_json":{"title":"Centro de Arbitragem - Silver Minds","robots":{"index":"index","follow":"follow","max-snippet":"max-snippet:-1","max-image-preview":"max-image-preview:large","max-video-preview":"max-video-preview:-1"},"canonical":"https:\/\/besilvermind.com\/centro-de-arbitragem\/","og_locale":"pt_PT","og_type":"article","og_title":"Centro de Arbitragem - Silver Minds","og_description":"Centro de ArbitragemEm caso de lit\u00edgio de consumo, o consumidor pode recorrer \u00e0 plataforma de resolu\u00e7\u00e3o alternativa de lit\u00edgios, a entidade de Resolu\u00e7\u00e3o Alternativa de Lit\u00edgios de Consumo (RAL) competente, estando a lista de Centros de Arbitragem autorizados dispon\u00edvel em https:\/\/dgpj.justica.gov.pt\/resolucao-de-litigios\/arbitragem\/centros-de-arbitragem-autorizados","og_url":"https:\/\/besilvermind.com\/centro-de-arbitragem\/","og_site_name":"Silver Minds","article_modified_time":"2025-08-25T16:15:25+00:00","twitter_card":"summary_large_image","twitter_misc":{"Tempo estimado de leitura":"1 minuto"},"schema":{"@context":"https:\/\/schema.org","@graph":[{"@type":"WebPage","@id":"https:\/\/besilvermind.com\/centro-de-arbitragem\/","url":"https:\/\/besilvermind.com\/centro-de-arbitragem\/","name":"Centro de Arbitragem - Silver Minds","isPartOf":{"@id":"https:\/\/besilvermind.com\/#website"},"datePublished":"2025-08-22T11:10:18+00:00","dateModified":"2025-08-25T16:15:25+00:00","breadcrumb":{"@id":"https:\/\/besilvermind.com\/centro-de-arbitragem\/#breadcrumb"},"inLanguage":"pt-PT","potentialAction":[{"@type":"ReadAction","target":["https:\/\/besilvermind.com\/centro-de-arbitragem\/"]}]},{"@type":"BreadcrumbList","@id":"https:\/\/besilvermind.com\/centro-de-arbitragem\/#breadcrumb","itemListElement":[{"@type":"ListItem","position":1,"name":"Home","item":"https:\/\/besilvermind.com\/"},{"@type":"ListItem","position":2,"name":"Centro de Arbitragem"}]},{"@type":"WebSite","@id":"https:\/\/besilvermind.com\/#website","url":"https:\/\/besilvermind.com\/","name":"Silver Minds","description":"Reimagine and Renew","potentialAction":[{"@type":"SearchAction","target":{"@type":"EntryPoint","urlTemplate":"https:\/\/besilvermind.com\/?s={search_term_string}"},"query-input":{"@type":"PropertyValueSpecification","valueRequired":true,"valueName":"search_term_string"}}],"inLanguage":"pt-PT"}]}},"_links":{"self":[{"href":"https:\/\/besilvermind.com\/pt-pt\/wp-json\/wp\/v2\/pages\/402690","targetHints":{"allow":["GET"]}}],"collection":[{"href":"https:\/\/besilvermind.com\/pt-pt\/wp-json\/wp\/v2\/pages"}],"about":[{"href":"https:\/\/besilvermind.com\/pt-pt\/wp-json\/wp\/v2\/types\/page"}],"author":[{"embeddable":true,"href":"https:\/\/besilvermind.com\/pt-pt\/wp-json\/wp\/v2\/users\/1"}],"replies":[{"embeddable":true,"href":"https:\/\/besilvermind.com\/pt-pt\/wp-json\/wp\/v2\/comments?post=402690"}],"version-history":[{"count":3,"href":"https:\/\/besilvermind.com\/pt-pt\/wp-json\/wp\/v2\/pages\/402690\/revisions"}],"predecessor-version":[{"id":402693,"href":"https:\/\/besilvermind.com\/pt-pt\/wp-json\/wp\/v2\/pages\/402690\/revisions\/402693"}],"wp:attachment":[{"href":"https:\/\/besilvermind.com\/pt-pt\/wp-json\/wp\/v2\/media?parent=402690"}],"curies":[{"name":"wp","href":"https:\/\/api.w.org\/{rel}","templated":true}]}}